{"id":6320,"date":"2020-08-05T15:39:39","date_gmt":"2020-08-05T20:39:39","guid":{"rendered":"https:\/\/hotelb.pe\/sleep\/aposento\/"},"modified":"2024-05-28T17:30:05","modified_gmt":"2024-05-28T22:30:05","slug":"aposento","status":"publish","type":"page","link":"https:\/\/hotelb.pe\/pt-br\/dormir\/aposento\/","title":{"rendered":"Aposento"},"content":{"rendered":"\n<p>Situado tanto na mans\u00e3o hist\u00f3rica quanto na ala contempor\u00e2nea, com banheiros com chuveiro de efeito chuva e WC separados (alguns incluem uma banheira independente). Tamb\u00e9m h\u00e1 uma \u00e1rea de estar para dois.<\/p>\n","protected":false},"excerpt":{"rendered":"<p>Su\u00edte Junior<\/p>\n","protected":false},"author":1,"featured_media":5004,"parent":6179,"menu_order":2,"comment_status":"closed","ping_status":"closed","template":"single-sleep.php","meta":{"_monsterinsights_skip_tracking":false,"_monsterinsights_sitenote_active":false,"_monsterinsights_sitenote_note":"","_monsterinsights_sitenote_category":0,"footnotes":""},"class_list":["post-6320","page","type-page","status-publish","has-post-thumbnail","hentry"],"_links":{"self":[{"href":"https:\/\/hotelb.pe\/pt-br\/wp-json\/wp\/v2\/pages\/6320","targetHints":{"allow":["GET"]}}],"collection":[{"href":"https:\/\/hotelb.pe\/pt-br\/wp-json\/wp\/v2\/pages"}],"about":[{"href":"https:\/\/hotelb.pe\/pt-br\/wp-json\/wp\/v2\/types\/page"}],"author":[{"embeddable":true,"href":"https:\/\/hotelb.pe\/pt-br\/wp-json\/wp\/v2\/users\/1"}],"replies":[{"embeddable":true,"href":"https:\/\/hotelb.pe\/pt-br\/wp-json\/wp\/v2\/comments?post=6320"}],"version-history":[{"count":5,"href":"https:\/\/hotelb.pe\/pt-br\/wp-json\/wp\/v2\/pages\/6320\/revisions"}],"predecessor-version":[{"id":6637,"href":"https:\/\/hotelb.pe\/pt-br\/wp-json\/wp\/v2\/pages\/6320\/revisions\/6637"}],"up":[{"embeddable":true,"href":"https:\/\/hotelb.pe\/pt-br\/wp-json\/wp\/v2\/pages\/6179"}],"wp:featuredmedia":[{"embeddable":true,"href":"https:\/\/hotelb.pe\/pt-br\/wp-json\/wp\/v2\/media\/5004"}],"wp:attachment":[{"href":"https:\/\/hotelb.pe\/pt-br\/wp-json\/wp\/v2\/media?parent=6320"}],"curies":[{"name":"wp","href":"https:\/\/api.w.org\/{rel}","templated":true}]}}