{"id":6319,"date":"2020-07-04T12:00:48","date_gmt":"2020-07-04T17:00:48","guid":{"rendered":"https:\/\/hotelb.pe\/sleep\/atelier\/"},"modified":"2024-05-28T17:29:46","modified_gmt":"2024-05-28T22:29:46","slug":"atelier","status":"publish","type":"page","link":"https:\/\/hotelb.pe\/pt-br\/dormir\/atelier\/","title":{"rendered":"Atelier"},"content":{"rendered":"\n<p>Os quartos Atelier possuem um terra\u00e7o privativo al\u00e9m de uma ampla \u00e1rea de estar. Tr\u00eas dessas su\u00edtes est\u00e3o localizadas na parte mais nova do nosso hotel, uma expans\u00e3o em dire\u00e7\u00e3o \u00e0 galeria de arte adjacente. Imagine banheiros de formato aberto e acess\u00edveis com pias duplas, chuveiro de efeito chuva e WC separados. Algumas t\u00eam banheiras independentes.<\/p>\n","protected":false},"excerpt":{"rendered":"<p>Su\u00edte Premium<\/p>\n","protected":false},"author":1,"featured_media":5006,"parent":6179,"menu_order":1,"comment_status":"closed","ping_status":"closed","template":"single-sleep.php","meta":{"_monsterinsights_skip_tracking":false,"_monsterinsights_sitenote_active":false,"_monsterinsights_sitenote_note":"","_monsterinsights_sitenote_category":0,"footnotes":""},"class_list":["post-6319","page","type-page","status-publish","has-post-thumbnail","hentry"],"_links":{"self":[{"href":"https:\/\/hotelb.pe\/pt-br\/wp-json\/wp\/v2\/pages\/6319","targetHints":{"allow":["GET"]}}],"collection":[{"href":"https:\/\/hotelb.pe\/pt-br\/wp-json\/wp\/v2\/pages"}],"about":[{"href":"https:\/\/hotelb.pe\/pt-br\/wp-json\/wp\/v2\/types\/page"}],"author":[{"embeddable":true,"href":"https:\/\/hotelb.pe\/pt-br\/wp-json\/wp\/v2\/users\/1"}],"replies":[{"embeddable":true,"href":"https:\/\/hotelb.pe\/pt-br\/wp-json\/wp\/v2\/comments?post=6319"}],"version-history":[{"count":5,"href":"https:\/\/hotelb.pe\/pt-br\/wp-json\/wp\/v2\/pages\/6319\/revisions"}],"predecessor-version":[{"id":6636,"href":"https:\/\/hotelb.pe\/pt-br\/wp-json\/wp\/v2\/pages\/6319\/revisions\/6636"}],"up":[{"embeddable":true,"href":"https:\/\/hotelb.pe\/pt-br\/wp-json\/wp\/v2\/pages\/6179"}],"wp:featuredmedia":[{"embeddable":true,"href":"https:\/\/hotelb.pe\/pt-br\/wp-json\/wp\/v2\/media\/5006"}],"wp:attachment":[{"href":"https:\/\/hotelb.pe\/pt-br\/wp-json\/wp\/v2\/media?parent=6319"}],"curies":[{"name":"wp","href":"https:\/\/api.w.org\/{rel}","templated":true}]}}