{"id":6295,"date":"2020-08-04T17:31:04","date_gmt":"2020-08-04T22:31:04","guid":{"rendered":"https:\/\/hotelb.pe\/b-art\/"},"modified":"2024-05-22T12:40:31","modified_gmt":"2024-05-22T17:40:31","slug":"b-arte","status":"publish","type":"page","link":"https:\/\/hotelb.pe\/pt-br\/b-arte\/","title":{"rendered":"B-Arte"},"content":{"rendered":"<p>N\u00e3o h\u00e1 nada mais valioso do que explorar<br \/>\num destino tur\u00edstico e descobrir os artefatos \u00fanicos<br \/>\nfeitos pelas m\u00e3os habilidosas de outros seres.<\/p>\n","protected":false},"excerpt":{"rendered":"<p>N\u00e3o h\u00e1 nada mais valioso do que explorar um destino tur\u00edstico e descobrir os artefatos \u00fanicos feitos pelas m\u00e3os habilidosas de outros seres.<\/p>\n","protected":false},"author":1,"featured_media":0,"parent":0,"menu_order":0,"comment_status":"closed","ping_status":"closed","template":"b-art.php","meta":{"_monsterinsights_skip_tracking":false,"_monsterinsights_sitenote_active":false,"_monsterinsights_sitenote_note":"","_monsterinsights_sitenote_category":0,"footnotes":""},"class_list":["post-6295","page","type-page","status-publish","hentry"],"_links":{"self":[{"href":"https:\/\/hotelb.pe\/pt-br\/wp-json\/wp\/v2\/pages\/6295","targetHints":{"allow":["GET"]}}],"collection":[{"href":"https:\/\/hotelb.pe\/pt-br\/wp-json\/wp\/v2\/pages"}],"about":[{"href":"https:\/\/hotelb.pe\/pt-br\/wp-json\/wp\/v2\/types\/page"}],"author":[{"embeddable":true,"href":"https:\/\/hotelb.pe\/pt-br\/wp-json\/wp\/v2\/users\/1"}],"replies":[{"embeddable":true,"href":"https:\/\/hotelb.pe\/pt-br\/wp-json\/wp\/v2\/comments?post=6295"}],"version-history":[{"count":5,"href":"https:\/\/hotelb.pe\/pt-br\/wp-json\/wp\/v2\/pages\/6295\/revisions"}],"predecessor-version":[{"id":6515,"href":"https:\/\/hotelb.pe\/pt-br\/wp-json\/wp\/v2\/pages\/6295\/revisions\/6515"}],"wp:attachment":[{"href":"https:\/\/hotelb.pe\/pt-br\/wp-json\/wp\/v2\/media?parent=6295"}],"curies":[{"name":"wp","href":"https:\/\/api.w.org\/{rel}","templated":true}]}}