{"id":6256,"date":"2020-08-06T15:07:39","date_gmt":"2020-08-06T20:07:39","guid":{"rendered":"https:\/\/hotelb.pe\/saborear\/the-library\/"},"modified":"2024-05-22T11:01:48","modified_gmt":"2024-05-22T16:01:48","slug":"the-library","status":"publish","type":"page","link":"https:\/\/hotelb.pe\/pt-br\/saborear\/the-library\/","title":{"rendered":"A BIBLIOTECA"},"content":{"rendered":"<p><strong>Absolutamente! Se o caf\u00e9 da manh\u00e3 \u00e9 considerado a refei\u00e7\u00e3o mais importante do dia, o ch\u00e1 da tarde certamente vem logo em seguida.<\/strong><\/p>\n<p>A biblioteca \u00e9 o lugar onde voc\u00ea encontrar\u00e1 o nosso ic\u00f4nico caf\u00e9 da manh\u00e3 e ch\u00e1 da tarde para aproveitar ao m\u00e1ximo. Servimos caf\u00e9 italiano, uma variedade de ch\u00e1s, chocolate quente peruano feito em casa (segundo uma receita familiar), frutas frescas da esta\u00e7\u00e3o, cereais e doces tradicionais, sandu\u00edches e bolos.<\/p>\n\n\n<p><\/p>\n","protected":false},"excerpt":{"rendered":"<p>Absolutamente! Se o caf\u00e9 da manh\u00e3 \u00e9 considerado a refei\u00e7\u00e3o mais importante do dia, o ch\u00e1 da tarde certamente vem logo em seguida. A biblioteca \u00e9 o lugar onde voc\u00ea encontrar\u00e1 o nosso ic\u00f4nico caf\u00e9 da manh\u00e3 e ch\u00e1 da tarde para aproveitar ao m\u00e1ximo. Servimos caf\u00e9 italiano, uma variedade de ch\u00e1s, chocolate quente peruano [&hellip;]<\/p>\n","protected":false},"author":1,"featured_media":5672,"parent":6242,"menu_order":0,"comment_status":"closed","ping_status":"closed","template":"single-taste.php","meta":{"_monsterinsights_skip_tracking":false,"_monsterinsights_sitenote_active":false,"_monsterinsights_sitenote_note":"","_monsterinsights_sitenote_category":0,"footnotes":""},"class_list":["post-6256","page","type-page","status-publish","has-post-thumbnail","hentry"],"_links":{"self":[{"href":"https:\/\/hotelb.pe\/pt-br\/wp-json\/wp\/v2\/pages\/6256","targetHints":{"allow":["GET"]}}],"collection":[{"href":"https:\/\/hotelb.pe\/pt-br\/wp-json\/wp\/v2\/pages"}],"about":[{"href":"https:\/\/hotelb.pe\/pt-br\/wp-json\/wp\/v2\/types\/page"}],"author":[{"embeddable":true,"href":"https:\/\/hotelb.pe\/pt-br\/wp-json\/wp\/v2\/users\/1"}],"replies":[{"embeddable":true,"href":"https:\/\/hotelb.pe\/pt-br\/wp-json\/wp\/v2\/comments?post=6256"}],"version-history":[{"count":4,"href":"https:\/\/hotelb.pe\/pt-br\/wp-json\/wp\/v2\/pages\/6256\/revisions"}],"predecessor-version":[{"id":6434,"href":"https:\/\/hotelb.pe\/pt-br\/wp-json\/wp\/v2\/pages\/6256\/revisions\/6434"}],"up":[{"embeddable":true,"href":"https:\/\/hotelb.pe\/pt-br\/wp-json\/wp\/v2\/pages\/6242"}],"wp:featuredmedia":[{"embeddable":true,"href":"https:\/\/hotelb.pe\/pt-br\/wp-json\/wp\/v2\/media\/5672"}],"wp:attachment":[{"href":"https:\/\/hotelb.pe\/pt-br\/wp-json\/wp\/v2\/media?parent=6256"}],"curies":[{"name":"wp","href":"https:\/\/api.w.org\/{rel}","templated":true}]}}