{"id":6255,"date":"2020-08-06T15:08:17","date_gmt":"2020-08-06T20:08:17","guid":{"rendered":"https:\/\/hotelb.pe\/saborear\/the-rooftop\/"},"modified":"2024-05-21T17:10:21","modified_gmt":"2024-05-21T22:10:21","slug":"the-rooftop","status":"publish","type":"page","link":"https:\/\/hotelb.pe\/pt-br\/saborear\/the-rooftop\/","title":{"rendered":"O TERRA\u00c7O"},"content":{"rendered":"<p><strong>Relaxe em uma poltrona ou sente-se em um banco de bar. O Terra\u00e7o \u00e9 um o\u00e1sis elevado no distrito mais descolado de Lima.<\/strong><\/p>\n<p>Voc\u00ea n\u00e3o experimentou completamente o Hotel B at\u00e9 ver o p\u00f4r do sol sobre o Oceano Pac\u00edfico do nosso terra\u00e7o na cobertura.<\/p>\n","protected":false},"excerpt":{"rendered":"<p>Relaxe em uma poltrona ou sente-se em um banco de bar. O Terra\u00e7o \u00e9 um o\u00e1sis elevado no distrito mais descolado de Lima. Voc\u00ea n\u00e3o experimentou completamente o Hotel B at\u00e9 ver o p\u00f4r do sol sobre o Oceano Pac\u00edfico do nosso terra\u00e7o na cobertura.<\/p>\n","protected":false},"author":1,"featured_media":5863,"parent":6242,"menu_order":0,"comment_status":"closed","ping_status":"closed","template":"single-taste.php","meta":{"_monsterinsights_skip_tracking":false,"_monsterinsights_sitenote_active":false,"_monsterinsights_sitenote_note":"","_monsterinsights_sitenote_category":0,"footnotes":""},"class_list":["post-6255","page","type-page","status-publish","has-post-thumbnail","hentry"],"_links":{"self":[{"href":"https:\/\/hotelb.pe\/pt-br\/wp-json\/wp\/v2\/pages\/6255","targetHints":{"allow":["GET"]}}],"collection":[{"href":"https:\/\/hotelb.pe\/pt-br\/wp-json\/wp\/v2\/pages"}],"about":[{"href":"https:\/\/hotelb.pe\/pt-br\/wp-json\/wp\/v2\/types\/page"}],"author":[{"embeddable":true,"href":"https:\/\/hotelb.pe\/pt-br\/wp-json\/wp\/v2\/users\/1"}],"replies":[{"embeddable":true,"href":"https:\/\/hotelb.pe\/pt-br\/wp-json\/wp\/v2\/comments?post=6255"}],"version-history":[{"count":3,"href":"https:\/\/hotelb.pe\/pt-br\/wp-json\/wp\/v2\/pages\/6255\/revisions"}],"predecessor-version":[{"id":6284,"href":"https:\/\/hotelb.pe\/pt-br\/wp-json\/wp\/v2\/pages\/6255\/revisions\/6284"}],"up":[{"embeddable":true,"href":"https:\/\/hotelb.pe\/pt-br\/wp-json\/wp\/v2\/pages\/6242"}],"wp:featuredmedia":[{"embeddable":true,"href":"https:\/\/hotelb.pe\/pt-br\/wp-json\/wp\/v2\/media\/5863"}],"wp:attachment":[{"href":"https:\/\/hotelb.pe\/pt-br\/wp-json\/wp\/v2\/media?parent=6255"}],"curies":[{"name":"wp","href":"https:\/\/api.w.org\/{rel}","templated":true}]}}