{"id":6254,"date":"2020-08-06T15:06:03","date_gmt":"2020-08-06T20:06:03","guid":{"rendered":"https:\/\/hotelb.pe\/saborear\/the-patio\/"},"modified":"2024-05-22T07:38:27","modified_gmt":"2024-05-22T12:38:27","slug":"the-patio","status":"publish","type":"page","link":"https:\/\/hotelb.pe\/pt-br\/saborear\/the-patio\/","title":{"rendered":"O P\u00e1tio"},"content":{"rendered":"<p><strong>Era uma vez, uma figueira perfumada erguida majestosamente em nosso p\u00e1tio interior.<\/strong><\/p>\n<p>O P\u00e1tio \u00e9 um lugar tranquilo, afastado do tumulto e da agita\u00e7\u00e3o da cidade, um espa\u00e7o interior situado entre as asas hist\u00f3ricas e contempor\u00e2neas de nosso hotel. Com uma parede verdejante, uma fonte de \u00e1gua e arte moderna em todos os cantos, \u00e9 um local encantador para desfrutar de um caf\u00e9 da manh\u00e3, almo\u00e7o ou jantar.<\/p>\n","protected":false},"excerpt":{"rendered":"<p>Era uma vez, uma figueira perfumada erguida majestosamente em nosso p\u00e1tio interior. O P\u00e1tio \u00e9 um lugar tranquilo, afastado do tumulto e da agita\u00e7\u00e3o da cidade, um espa\u00e7o interior situado entre as asas hist\u00f3ricas e contempor\u00e2neas de nosso hotel. Com uma parede verdejante, uma fonte de \u00e1gua e arte moderna em todos os cantos, \u00e9 [&hellip;]<\/p>\n","protected":false},"author":1,"featured_media":5313,"parent":6242,"menu_order":0,"comment_status":"closed","ping_status":"closed","template":"single-taste.php","meta":{"_monsterinsights_skip_tracking":false,"_monsterinsights_sitenote_active":false,"_monsterinsights_sitenote_note":"","_monsterinsights_sitenote_category":0,"footnotes":""},"class_list":["post-6254","page","type-page","status-publish","has-post-thumbnail","hentry"],"_links":{"self":[{"href":"https:\/\/hotelb.pe\/pt-br\/wp-json\/wp\/v2\/pages\/6254","targetHints":{"allow":["GET"]}}],"collection":[{"href":"https:\/\/hotelb.pe\/pt-br\/wp-json\/wp\/v2\/pages"}],"about":[{"href":"https:\/\/hotelb.pe\/pt-br\/wp-json\/wp\/v2\/types\/page"}],"author":[{"embeddable":true,"href":"https:\/\/hotelb.pe\/pt-br\/wp-json\/wp\/v2\/users\/1"}],"replies":[{"embeddable":true,"href":"https:\/\/hotelb.pe\/pt-br\/wp-json\/wp\/v2\/comments?post=6254"}],"version-history":[{"count":4,"href":"https:\/\/hotelb.pe\/pt-br\/wp-json\/wp\/v2\/pages\/6254\/revisions"}],"predecessor-version":[{"id":6417,"href":"https:\/\/hotelb.pe\/pt-br\/wp-json\/wp\/v2\/pages\/6254\/revisions\/6417"}],"up":[{"embeddable":true,"href":"https:\/\/hotelb.pe\/pt-br\/wp-json\/wp\/v2\/pages\/6242"}],"wp:featuredmedia":[{"embeddable":true,"href":"https:\/\/hotelb.pe\/pt-br\/wp-json\/wp\/v2\/media\/5313"}],"wp:attachment":[{"href":"https:\/\/hotelb.pe\/pt-br\/wp-json\/wp\/v2\/media?parent=6254"}],"curies":[{"name":"wp","href":"https:\/\/api.w.org\/{rel}","templated":true}]}}