{"id":6253,"date":"2020-08-04T16:25:43","date_gmt":"2020-08-04T21:25:43","guid":{"rendered":"https:\/\/hotelb.pe\/saborear\/the-dining-room\/"},"modified":"2024-05-22T11:39:38","modified_gmt":"2024-05-22T16:39:38","slug":"a-sala-de-jantar","status":"publish","type":"page","link":"https:\/\/hotelb.pe\/pt-br\/saborear\/a-sala-de-jantar\/","title":{"rendered":"O COMEDOR"},"content":{"rendered":"<p><strong>Fazendo com que cada mordida conte. <\/strong><\/p>\n<p>Com um foco em ingredientes nativos e del\u00edcias peruanas, nosso card\u00e1pio prioriza produtos locais e da esta\u00e7\u00e3o. Ao reunir os melhores ingredientes e t\u00e9cnicas da culin\u00e1ria peruana e internacional, criamos uma sofisticada culin\u00e1ria fusionada.<\/p>\n\n\n<p><\/p>\n","protected":false},"excerpt":{"rendered":"<p>Fazendo com que cada mordida conte. Com um foco em ingredientes nativos e del\u00edcias peruanas, nosso card\u00e1pio prioriza produtos locais e da esta\u00e7\u00e3o. Ao reunir os melhores ingredientes e t\u00e9cnicas da culin\u00e1ria peruana e internacional, criamos uma sofisticada culin\u00e1ria fusionada.<\/p>\n","protected":false},"author":1,"featured_media":5449,"parent":6242,"menu_order":0,"comment_status":"closed","ping_status":"closed","template":"single-taste.php","meta":{"_monsterinsights_skip_tracking":false,"_monsterinsights_sitenote_active":false,"_monsterinsights_sitenote_note":"","_monsterinsights_sitenote_category":0,"footnotes":""},"class_list":["post-6253","page","type-page","status-publish","has-post-thumbnail","hentry"],"_links":{"self":[{"href":"https:\/\/hotelb.pe\/pt-br\/wp-json\/wp\/v2\/pages\/6253","targetHints":{"allow":["GET"]}}],"collection":[{"href":"https:\/\/hotelb.pe\/pt-br\/wp-json\/wp\/v2\/pages"}],"about":[{"href":"https:\/\/hotelb.pe\/pt-br\/wp-json\/wp\/v2\/types\/page"}],"author":[{"embeddable":true,"href":"https:\/\/hotelb.pe\/pt-br\/wp-json\/wp\/v2\/users\/1"}],"replies":[{"embeddable":true,"href":"https:\/\/hotelb.pe\/pt-br\/wp-json\/wp\/v2\/comments?post=6253"}],"version-history":[{"count":4,"href":"https:\/\/hotelb.pe\/pt-br\/wp-json\/wp\/v2\/pages\/6253\/revisions"}],"predecessor-version":[{"id":6443,"href":"https:\/\/hotelb.pe\/pt-br\/wp-json\/wp\/v2\/pages\/6253\/revisions\/6443"}],"up":[{"embeddable":true,"href":"https:\/\/hotelb.pe\/pt-br\/wp-json\/wp\/v2\/pages\/6242"}],"wp:featuredmedia":[{"embeddable":true,"href":"https:\/\/hotelb.pe\/pt-br\/wp-json\/wp\/v2\/media\/5449"}],"wp:attachment":[{"href":"https:\/\/hotelb.pe\/pt-br\/wp-json\/wp\/v2\/media?parent=6253"}],"curies":[{"name":"wp","href":"https:\/\/api.w.org\/{rel}","templated":true}]}}