{"id":6251,"date":"2020-08-06T15:05:30","date_gmt":"2020-08-06T20:05:30","guid":{"rendered":"https:\/\/hotelb.pe\/saborear\/the-bar\/"},"modified":"2024-05-22T11:30:02","modified_gmt":"2024-05-22T16:30:02","slug":"o-bar","status":"publish","type":"page","link":"https:\/\/hotelb.pe\/pt-br\/saborear\/o-bar\/","title":{"rendered":"O Bar"},"content":{"rendered":"<h3>As melhores noites, sejam elas grandes ou pequenas, sempre come\u00e7am com uma bebida excepcional nas m\u00e3os.<\/h3>\n<p>Localizado no t\u00e9rreo ao lado da recep\u00e7\u00e3o, o bar do B \u00e9 amado tanto pelos moradores locais quanto pelos viajantes.<\/p>\n","protected":false},"excerpt":{"rendered":"<p>As melhores noites, sejam elas grandes ou pequenas, sempre come\u00e7am com uma bebida excepcional nas m\u00e3os. Localizado no t\u00e9rreo ao lado da recep\u00e7\u00e3o, o bar do B \u00e9 amado tanto pelos moradores locais quanto pelos viajantes.<\/p>\n","protected":false},"author":1,"featured_media":5048,"parent":6242,"menu_order":0,"comment_status":"closed","ping_status":"closed","template":"single-taste2.php","meta":{"_monsterinsights_skip_tracking":false,"_monsterinsights_sitenote_active":false,"_monsterinsights_sitenote_note":"","_monsterinsights_sitenote_category":0,"footnotes":""},"class_list":["post-6251","page","type-page","status-publish","has-post-thumbnail","hentry"],"_links":{"self":[{"href":"https:\/\/hotelb.pe\/pt-br\/wp-json\/wp\/v2\/pages\/6251","targetHints":{"allow":["GET"]}}],"collection":[{"href":"https:\/\/hotelb.pe\/pt-br\/wp-json\/wp\/v2\/pages"}],"about":[{"href":"https:\/\/hotelb.pe\/pt-br\/wp-json\/wp\/v2\/types\/page"}],"author":[{"embeddable":true,"href":"https:\/\/hotelb.pe\/pt-br\/wp-json\/wp\/v2\/users\/1"}],"replies":[{"embeddable":true,"href":"https:\/\/hotelb.pe\/pt-br\/wp-json\/wp\/v2\/comments?post=6251"}],"version-history":[{"count":5,"href":"https:\/\/hotelb.pe\/pt-br\/wp-json\/wp\/v2\/pages\/6251\/revisions"}],"predecessor-version":[{"id":6439,"href":"https:\/\/hotelb.pe\/pt-br\/wp-json\/wp\/v2\/pages\/6251\/revisions\/6439"}],"up":[{"embeddable":true,"href":"https:\/\/hotelb.pe\/pt-br\/wp-json\/wp\/v2\/pages\/6242"}],"wp:featuredmedia":[{"embeddable":true,"href":"https:\/\/hotelb.pe\/pt-br\/wp-json\/wp\/v2\/media\/5048"}],"wp:attachment":[{"href":"https:\/\/hotelb.pe\/pt-br\/wp-json\/wp\/v2\/media?parent=6251"}],"curies":[{"name":"wp","href":"https:\/\/api.w.org\/{rel}","templated":true}]}}