{"id":6230,"date":"2020-12-07T12:40:44","date_gmt":"2020-12-07T17:40:44","guid":{"rendered":"https:\/\/hotelb.pe\/offers\/tarjetas-regalo-hotelb\/"},"modified":"2024-05-22T17:32:29","modified_gmt":"2024-05-22T22:32:29","slug":"tarjetas-regalo-hotelb","status":"publish","type":"page","link":"https:\/\/hotelb.pe\/pt-br\/promocoes\/tarjetas-regalo-hotelb\/","title":{"rendered":"Vale-Presente do Hotel B"},"content":{"rendered":"\n<h3>Um presente encantador!<\/h3>\n<p style=\"text-align: center;\">Mime seus entes queridos com um vale-presente para um ador\u00e1vel Ch\u00e1 da Tarde ou um delicioso Brunch para dois no Hotel B.<\/p>\n<p>\u00a0<\/p>\n\n\n\n<div class=\"wp-block-columns is-layout-flex wp-container-core-columns-is-layout-9d6595d7 wp-block-columns-is-layout-flex\">\n<div class=\"wp-block-column is-layout-flow wp-block-column-is-layout-flow\">\n<p>Presenteie com um cart\u00e3o-presente para ser utilizado em:<\/p>\n<ul>\n<li>Ch\u00e1 da Tarde buffet: <br>Servido de segunda a sexta-feira das 16h30 \u00e0s 19h00.<\/li>\n<li>Brunch do B: <br>Servido todos os dias das 9h00 \u00e0s 12h00.<\/li>\n<li>Caf\u00e9 da manh\u00e3 buffet: <br>Servido todos os dias das 7h00 \u00e0s 11h00.<\/li>\n<\/ul>\n<p>Pre\u00e7o:<\/p>\n<ul>\n<li>Ch\u00e1 da tarde buffet para dois: S\/190<\/li>\n<li>Brunch para dois: S\/190<\/li>\n<li>Caf\u00e9 da manh\u00e3 buffet para dois: S\/190<\/li>\n<\/ul>\n<\/div>\n\n\n\n<div class=\"wp-block-column is-layout-flow wp-block-column-is-layout-flow\">\n<p>Para mais informa\u00e7\u00f5es ou reservas, entre em contato conosco:<\/p>\n<ul class=\"clop\">\n<li>Telefone: <a href=\"https:\/\/wa.me\/51946435248\">+51 946 435 248<\/a><\/li>\n<li>Email: <a href=\"mailto:recepcion@hotelb.pe\">recepcion@hotelb.pe<\/a><\/li>\n<\/ul>\n<p>Termos e Condi\u00e7\u00f5es:<\/p>\n<ul class=\"colter\">\n<li>O valor do cart\u00e3o-presente n\u00e3o \u00e9 acumul\u00e1vel nem resgat\u00e1vel em dinheiro.<\/li>\n<li>V\u00e1lido por um ano a partir da data de compra.<\/li>\n<li>Confirma\u00e7\u00e3o sujeita a disponibilidade.<\/li>\n<li>Sua reserva deve ser confirmada por e-mail, indicando o c\u00f3digo do vale-presente anexado.<\/li>\n<\/ul>\n<\/div>\n<\/div>\n\n\n\n<p><a class=\"btn-dis\" href=\"https:\/\/wa.me\/51965397134\" target=\"_blank\" rel=\"noopener noreferrer\">COMPRAR ESTA OFERTA<\/a><\/p>\n","protected":false},"excerpt":{"rendered":"<p>Um presente encantador! Mime seus entes queridos com um vale-presente para um ador\u00e1vel Ch\u00e1 da Tarde ou um delicioso Brunch para dois no Hotel B. \u00a0 Presenteie com um cart\u00e3o-presente para ser utilizado em: Ch\u00e1 da Tarde buffet: Servido de segunda a sexta-feira das 16h30 \u00e0s 19h00. Brunch do B: Servido todos os dias das [&hellip;]<\/p>\n","protected":false},"author":1,"featured_media":0,"parent":6185,"menu_order":10,"comment_status":"closed","ping_status":"closed","template":"single-offers.php","meta":{"_monsterinsights_skip_tracking":false,"_monsterinsights_sitenote_active":false,"_monsterinsights_sitenote_note":"","_monsterinsights_sitenote_category":0,"footnotes":""},"class_list":["post-6230","page","type-page","status-publish","hentry"],"_links":{"self":[{"href":"https:\/\/hotelb.pe\/pt-br\/wp-json\/wp\/v2\/pages\/6230","targetHints":{"allow":["GET"]}}],"collection":[{"href":"https:\/\/hotelb.pe\/pt-br\/wp-json\/wp\/v2\/pages"}],"about":[{"href":"https:\/\/hotelb.pe\/pt-br\/wp-json\/wp\/v2\/types\/page"}],"author":[{"embeddable":true,"href":"https:\/\/hotelb.pe\/pt-br\/wp-json\/wp\/v2\/users\/1"}],"replies":[{"embeddable":true,"href":"https:\/\/hotelb.pe\/pt-br\/wp-json\/wp\/v2\/comments?post=6230"}],"version-history":[{"count":5,"href":"https:\/\/hotelb.pe\/pt-br\/wp-json\/wp\/v2\/pages\/6230\/revisions"}],"predecessor-version":[{"id":6570,"href":"https:\/\/hotelb.pe\/pt-br\/wp-json\/wp\/v2\/pages\/6230\/revisions\/6570"}],"up":[{"embeddable":true,"href":"https:\/\/hotelb.pe\/pt-br\/wp-json\/wp\/v2\/pages\/6185"}],"wp:attachment":[{"href":"https:\/\/hotelb.pe\/pt-br\/wp-json\/wp\/v2\/media?parent=6230"}],"curies":[{"name":"wp","href":"https:\/\/api.w.org\/{rel}","templated":true}]}}