{"id":6215,"date":"2021-03-16T15:04:14","date_gmt":"2021-03-16T20:04:14","guid":{"rendered":"https:\/\/hotelb.pe\/offers\/desayuno-del-b\/"},"modified":"2025-10-10T00:48:17","modified_gmt":"2025-10-10T05:48:17","slug":"desayuno-del-b","status":"publish","type":"page","link":"https:\/\/hotelb.pe\/pt-br\/promocoes\/desayuno-del-b\/","title":{"rendered":"Caf\u00e9 da Manh\u00e3 Buffet"},"content":{"rendered":"\n<h3 style=\"text-align: center;\">De segunda a sexta-feira, das 7:00 \u00e0s 11:00, e s\u00e1bados, domingos e feriados, das 7:00 \u00e0s 12:00.<\/h3>\n<p style=\"text-align: center;\">Visite-nos e desfrute do nosso espetacular caf\u00e9 da manh\u00e3 buffet no conforto das nossas instala\u00e7\u00f5es<\/p>\n<p>\u00a0<\/p>\n\n\n\n<div class=\"wp-block-columns is-layout-flex wp-container-core-columns-is-layout-9d6595d7 wp-block-columns-is-layout-flex\">\n<div class=\"wp-block-column is-layout-flow wp-block-column-is-layout-flow\">\n<h4>Esta oferta inclui:<\/h4>\n<ul>\n<li>Ovos mexidos com lingui\u00e7a huachana<\/li>\n<li>Ovos de codorna<\/li>\n<li>Carne de Porco<\/li>\n<li>Tamales<\/li>\n<li>Batata-doce glaceada<\/li>\n<li>3 variedades de presunto<\/li>\n<li>4 variedades de queijo<\/li>\n<li>P\u00e3es variados<\/li>\n<li>Cereais e granola<\/li>\n<li>Mini muffins de banana e cenoura<\/li>\n<li>Frutas variadas<\/li>\n<li>Iogurte<\/li>\n<li>2 variedades de suco (laranja, granadilla ou tangerina)<\/li>\n<li>Panquecas e waffles<\/li>\n<li>Escolha entre: Ovos do B, Ovos Andinos ou Ovos Peruanos<\/li>\n<\/ul>\n<h4>Precio:<\/h4>\n<ul>\n<li>S\/95 por persona<\/li>\n<\/ul>\n<\/div>\n\n\n\n<div class=\"wp-block-column is-layout-flow wp-block-column-is-layout-flow\">\n<p>Para mais informa\u00e7\u00f5es ou reservas, entre em contato conosco:<\/p>\n<ul class=\"clop\">\n<li>Tel: <a href=\"https:\/\/wa.me\/51946435248\">+51 946 435 248<\/a><\/li>\n<li>Email: <a href=\"mailto:recepcion@hotelb.pe\">recepcion@hotelb.pe<\/a><\/li>\n<\/ul>\n<p>Termos e Condi\u00e7\u00f5es:<\/p>\n<ul>\n<li>Oferta sujeita a disponibilidade e altera\u00e7\u00f5es sem aviso pr\u00e9vio.<\/li>\n<li>A capacidade do restaurante \u00e9 limitada. A entrada \u00e9 permitida apenas mediante reserva pr\u00e9via e confirma\u00e7\u00e3o.<\/li>\n<li>Promo\u00e7\u00e3o v\u00e1lida no primeiro n\u00edvel, biblioteca, p\u00e1tio ou no comedor.<\/li>\n<\/ul>\n<\/div>\n<\/div>\n\n\n\n<p><a class=\"btn-dis\" href=\"https:\/\/www.mesa247.pe\/lima\/restaurante\/hotelb\" target=\"_blank\" rel=\"noopener noreferrer\">RESERVAR ESTA PROMO\u00c7\u00c3O<\/a><\/p>\n","protected":false},"excerpt":{"rendered":"<p>De segunda a sexta-feira, das 7:00 \u00e0s 11:00, e s\u00e1bados, domingos e feriados, das 7:00 \u00e0s 12:00. Visite-nos e desfrute do nosso espetacular caf\u00e9 da manh\u00e3 buffet no conforto das nossas instala\u00e7\u00f5es \u00a0 Esta oferta inclui: Ovos mexidos com lingui\u00e7a huachana Ovos de codorna Carne de Porco Tamales Batata-doce glaceada 3 variedades de presunto 4 [&hellip;]<\/p>\n","protected":false},"author":1,"featured_media":0,"parent":6185,"menu_order":7,"comment_status":"closed","ping_status":"closed","template":"single-offers.php","meta":{"_monsterinsights_skip_tracking":false,"_monsterinsights_sitenote_active":false,"_monsterinsights_sitenote_note":"","_monsterinsights_sitenote_category":0,"footnotes":""},"class_list":["post-6215","page","type-page","status-publish","hentry"],"_links":{"self":[{"href":"https:\/\/hotelb.pe\/pt-br\/wp-json\/wp\/v2\/pages\/6215","targetHints":{"allow":["GET"]}}],"collection":[{"href":"https:\/\/hotelb.pe\/pt-br\/wp-json\/wp\/v2\/pages"}],"about":[{"href":"https:\/\/hotelb.pe\/pt-br\/wp-json\/wp\/v2\/types\/page"}],"author":[{"embeddable":true,"href":"https:\/\/hotelb.pe\/pt-br\/wp-json\/wp\/v2\/users\/1"}],"replies":[{"embeddable":true,"href":"https:\/\/hotelb.pe\/pt-br\/wp-json\/wp\/v2\/comments?post=6215"}],"version-history":[{"count":5,"href":"https:\/\/hotelb.pe\/pt-br\/wp-json\/wp\/v2\/pages\/6215\/revisions"}],"predecessor-version":[{"id":6722,"href":"https:\/\/hotelb.pe\/pt-br\/wp-json\/wp\/v2\/pages\/6215\/revisions\/6722"}],"up":[{"embeddable":true,"href":"https:\/\/hotelb.pe\/pt-br\/wp-json\/wp\/v2\/pages\/6185"}],"wp:attachment":[{"href":"https:\/\/hotelb.pe\/pt-br\/wp-json\/wp\/v2\/media?parent=6215"}],"curies":[{"name":"wp","href":"https:\/\/api.w.org\/{rel}","templated":true}]}}