{"id":6212,"date":"2021-05-28T12:48:33","date_gmt":"2021-05-28T17:48:33","guid":{"rendered":"https:\/\/hotelb.pe\/offers\/almuerzos-del-b\/"},"modified":"2024-05-22T17:23:47","modified_gmt":"2024-05-22T22:23:47","slug":"almuerzos-del-b","status":"publish","type":"page","link":"https:\/\/hotelb.pe\/pt-br\/promocoes\/almuerzos-del-b\/","title":{"rendered":"Almo\u00e7os no B"},"content":{"rendered":"\n<h3>O Hotel B \u00e9 um lugar para os exploradores contempor\u00e2neos da vida, que buscam desvendar os mist\u00e9rios e as riquezas da cultura, geografia e gastronomia peruana.<\/h3>\n<p style=\"text-align: center;\">Voc\u00ea est\u00e1 convidado de segunda a sexta-feira, das 12:00 \u00e0s 16:00, para os Almo\u00e7os do B, que incluem entrada, prato principal e sobremesa por S\/99.<\/p>\n<p>\u00a0<\/p>\n\n\n\n<div class=\"wp-block-columns is-layout-flex wp-container-core-columns-is-layout-9d6595d7 wp-block-columns-is-layout-flex\">\n<div class=\"wp-block-column is-layout-flow wp-block-column-is-layout-flow\">\n<h4>Cada almuerzo incluye una entrada, fondo y postre:<\/h4>\n<p><strong>Entradas<\/strong><\/p>\n<ul>\n<li>Causita Tartar<br \/><em>Pesca do dia ao rocoto, crocante, abacate e quinua pop<\/em><\/li>\n<li>Salada do B<br \/><em>Mistura de verdes, abacate, tomate, conservas da casa, vinagrete de lim\u00e3o e amendoim.<\/em><\/li>\n<\/ul>\n<p><strong>Pratos Principa<\/strong><strong>is<\/strong><\/p>\n<ul>\n<li>Lomo do B<br \/><em>Fil\u00e9 mignon ao wok, batatas nativas e arroz com milho.<\/em><\/li>\n<li>Meloso do Mar<br \/><em>Peixe, arroz arb\u00f3reo cozido em sucos de parihuela (um caldo de frutos do mar peruano), e chalaca (um tipo de salsa de tomate, cebola e pimenta) temperada com rocoto (um tipo de pimenta peruana).<\/em><\/li>\n<li>Leit\u00e3o assado no carv\u00e3o<br \/><em>Milho bebe grelhado, uma espuma feita de milho, um caldo feito com carne de porco da regi\u00e3o amaz\u00f4nica e vegetais diversos.<\/em><\/li>\n<\/ul>\n<p><strong>Sobremesas<\/strong><\/p>\n<ul>\n<li>Choco Hardcore<br \/><em>Chocolate envolto, calda de chocolate, mousse 85%, nibs e am\u00eandoas.<\/em><\/li>\n<li>Pudim<br \/><em>Frutos vermelhos e calda de caramelo.<\/em><\/li>\n<\/ul>\n<h4>Pre\u00e7o:<\/h4>\n<ul>\n<li>S\/95 por persona<\/li>\n<\/ul>\n<\/div>\n\n\n\n<div class=\"wp-block-column is-layout-flow wp-block-column-is-layout-flow\">\n<p>Para mais informa\u00e7\u00f5es ou reservas, entre em contato conosco:<\/p>\n<ul class=\"clop\">\n<li>Tel: <a href=\"https:\/\/wa.me\/51946435248\">+51 946 435 248<\/a><\/li>\n<li>Email: <a href=\"mailto:recepcion@hotelb.pe\">recepcion@hotelb.pe<\/a><\/li>\n<\/ul>\n<p>Termos e Condi\u00e7\u00f5es:<\/p>\n<ul>\n<li>V\u00e1lido de segunda a sexta-feira, das 12:00 \u00e0s 16:00.<\/li>\n<li>Oferta sujeita a disponibilidade e altera\u00e7\u00f5es sem aviso pr\u00e9vio<\/li>\n<\/ul>\n<\/div>\n<\/div>\n\n\n\n<p><a class=\"btn-dis\" href=\"https:\/\/www.mesa247.pe\/lima\/restaurante\/hotelb\" target=\"_blank\" rel=\"noopener noreferrer\">RESERVAR ESTA PROMO\u00c7\u00c3O<\/a><\/p>\n","protected":false},"excerpt":{"rendered":"<p>O Hotel B \u00e9 um lugar para os exploradores contempor\u00e2neos da vida, que buscam desvendar os mist\u00e9rios e as riquezas da cultura, geografia e gastronomia peruana. Voc\u00ea est\u00e1 convidado de segunda a sexta-feira, das 12:00 \u00e0s 16:00, para os Almo\u00e7os do B, que incluem entrada, prato principal e sobremesa por S\/99. \u00a0 Cada almuerzo incluye [&hellip;]<\/p>\n","protected":false},"author":1,"featured_media":0,"parent":6185,"menu_order":7,"comment_status":"closed","ping_status":"closed","template":"single-offers.php","meta":{"_monsterinsights_skip_tracking":false,"_monsterinsights_sitenote_active":false,"_monsterinsights_sitenote_note":"","_monsterinsights_sitenote_category":0,"footnotes":""},"class_list":["post-6212","page","type-page","status-publish","hentry"],"_links":{"self":[{"href":"https:\/\/hotelb.pe\/pt-br\/wp-json\/wp\/v2\/pages\/6212","targetHints":{"allow":["GET"]}}],"collection":[{"href":"https:\/\/hotelb.pe\/pt-br\/wp-json\/wp\/v2\/pages"}],"about":[{"href":"https:\/\/hotelb.pe\/pt-br\/wp-json\/wp\/v2\/types\/page"}],"author":[{"embeddable":true,"href":"https:\/\/hotelb.pe\/pt-br\/wp-json\/wp\/v2\/users\/1"}],"replies":[{"embeddable":true,"href":"https:\/\/hotelb.pe\/pt-br\/wp-json\/wp\/v2\/comments?post=6212"}],"version-history":[{"count":4,"href":"https:\/\/hotelb.pe\/pt-br\/wp-json\/wp\/v2\/pages\/6212\/revisions"}],"predecessor-version":[{"id":6557,"href":"https:\/\/hotelb.pe\/pt-br\/wp-json\/wp\/v2\/pages\/6212\/revisions\/6557"}],"up":[{"embeddable":true,"href":"https:\/\/hotelb.pe\/pt-br\/wp-json\/wp\/v2\/pages\/6185"}],"wp:attachment":[{"href":"https:\/\/hotelb.pe\/pt-br\/wp-json\/wp\/v2\/media?parent=6212"}],"curies":[{"name":"wp","href":"https:\/\/api.w.org\/{rel}","templated":true}]}}