{"id":6211,"date":"2020-12-07T13:06:19","date_gmt":"2020-12-07T18:06:19","guid":{"rendered":"https:\/\/hotelb.pe\/offers\/la-hora-del-te\/"},"modified":"2024-05-22T17:16:29","modified_gmt":"2024-05-22T22:16:29","slug":"la-hora-del-te","status":"publish","type":"page","link":"https:\/\/hotelb.pe\/pt-br\/promocoes\/la-hora-del-te\/","title":{"rendered":"Ch\u00e1 da Tarde"},"content":{"rendered":"\n<h3>Servido todos os dias das 16h30 \u00e0s 19h00<\/h3>\n<p style=\"text-align: center;\">Descubra um espa\u00e7o \u00edntimo e acolhedor na biblioteca do Hotel B. Desfrute de uma variedade de pequenos sandu\u00edches, petit fours e ch\u00e1s importados servidos \u00e0 mesa. Inclui um coquetel popular: Bellini ou Mimosa e uma bebida quente.<\/p>\n<p>\u00a0<\/p>\n\n\n\n<div class=\"wp-block-columns is-layout-flex wp-container-core-columns-is-layout-9d6595d7 wp-block-columns-is-layout-flex\">\n<div class=\"wp-block-column is-layout-flow wp-block-column-is-layout-flow\">\n<h4>Esta oferta inclui:<\/h4>\n<ul>\n<li>Salgados: hummus e bolachas, triplo cl\u00e1ssico, sandu\u00edche de legumes, sandu\u00edche misto em croissant, sandu\u00edche de frango, quiche Lorraine<\/li>\n<li>Doces: torta de nozes, brownies, alfajores, cake pops, torta de ma\u00e7\u00e3.<\/li>\n<li>Para escolher: 01 caf\u00e9, infus\u00e3o ou chocolate quente.<\/li>\n<li>Para escolher um coquetel popular: 01 Bellini ou 01 Mimosa<\/li>\n<\/ul>\n<h4><strong>Pre\u00e7o<\/strong>:<\/h4>\n<ul>\n<li>S\/95 por pessoa<\/li>\n<\/ul>\n<\/div>\n\n\n\n<div class=\"wp-block-column is-layout-flow wp-block-column-is-layout-flow\">\n<p>Para mais informa\u00e7\u00f5es ou reservas, entre em contato conosco:<\/p>\n<ul class=\"clop\">\n<li>Tel: <a href=\"https:\/\/wa.me\/51946435248\">+51 946 435 248<\/a><\/li>\n<li>Email: <a href=\"mailto:recepcion@hotelb.pe\">recepcion@hotelb.pe<\/a><\/li>\n<\/ul>\n<p>Termos e Condi\u00e7\u00f5es:<\/p>\n<ul>\n<li>Os produtos podem variar de acordo com a esta\u00e7\u00e3o.<\/li>\n<li>V\u00e1lido todos os dias das 16h30 \u00e0s 19h00.<\/li>\n<li>Servido em nosso p\u00e1tio ao ar livre ou biblioteca.<\/li>\n<li>N\u00e3o dispon\u00edvel para consumo no Terra\u00e7o.<\/li>\n<li>Oferta sujeita a disponibilidade e altera\u00e7\u00f5es sem aviso pr\u00e9vio.<\/li>\n<\/ul>\n<\/div>\n<\/div>\n\n\n\n<p><a class=\"btn-dis\" href=\"https:\/\/www.mesa247.pe\/lima\/restaurante\/hotelb\" target=\"_blank\" rel=\"noopener noreferrer\">RESERVAR ESTA PROMO\u00c7\u00c3O<\/a><\/p>\n","protected":false},"excerpt":{"rendered":"<p>Servido todos os dias das 16h30 \u00e0s 19h00 Descubra um espa\u00e7o \u00edntimo e acolhedor na biblioteca do Hotel B. Desfrute de uma variedade de pequenos sandu\u00edches, petit fours e ch\u00e1s importados servidos \u00e0 mesa. Inclui um coquetel popular: Bellini ou Mimosa e uma bebida quente. \u00a0 Esta oferta inclui: Salgados: hummus e bolachas, triplo cl\u00e1ssico, [&hellip;]<\/p>\n","protected":false},"author":1,"featured_media":0,"parent":6185,"menu_order":6,"comment_status":"closed","ping_status":"closed","template":"single-offers.php","meta":{"_monsterinsights_skip_tracking":false,"_monsterinsights_sitenote_active":false,"_monsterinsights_sitenote_note":"","_monsterinsights_sitenote_category":0,"footnotes":""},"class_list":["post-6211","page","type-page","status-publish","hentry"],"_links":{"self":[{"href":"https:\/\/hotelb.pe\/pt-br\/wp-json\/wp\/v2\/pages\/6211","targetHints":{"allow":["GET"]}}],"collection":[{"href":"https:\/\/hotelb.pe\/pt-br\/wp-json\/wp\/v2\/pages"}],"about":[{"href":"https:\/\/hotelb.pe\/pt-br\/wp-json\/wp\/v2\/types\/page"}],"author":[{"embeddable":true,"href":"https:\/\/hotelb.pe\/pt-br\/wp-json\/wp\/v2\/users\/1"}],"replies":[{"embeddable":true,"href":"https:\/\/hotelb.pe\/pt-br\/wp-json\/wp\/v2\/comments?post=6211"}],"version-history":[{"count":5,"href":"https:\/\/hotelb.pe\/pt-br\/wp-json\/wp\/v2\/pages\/6211\/revisions"}],"predecessor-version":[{"id":6553,"href":"https:\/\/hotelb.pe\/pt-br\/wp-json\/wp\/v2\/pages\/6211\/revisions\/6553"}],"up":[{"embeddable":true,"href":"https:\/\/hotelb.pe\/pt-br\/wp-json\/wp\/v2\/pages\/6185"}],"wp:attachment":[{"href":"https:\/\/hotelb.pe\/pt-br\/wp-json\/wp\/v2\/media?parent=6211"}],"curies":[{"name":"wp","href":"https:\/\/api.w.org\/{rel}","templated":true}]}}