{"id":6208,"date":"2021-03-26T13:50:04","date_gmt":"2021-03-26T18:50:04","guid":{"rendered":"https:\/\/hotelb.pe\/offers\/stay-dine\/"},"modified":"2026-04-01T12:31:10","modified_gmt":"2026-04-01T17:31:10","slug":"estadia-e-jantar-no-b","status":"publish","type":"page","link":"https:\/\/hotelb.pe\/pt-br\/promocoes\/estadia-e-jantar-no-b\/","title":{"rendered":"Estadia e Jantar no B"},"content":{"rendered":"\n\n<h3 style=\"text-align: center;\">Deixe-se encantar pela arte cl\u00e1ssica e contempor\u00e2nea de Barranco. Hospede-se no Hotel B e aproveite sua estadia com um jantar de tr\u00eas pratos para dois, inesquec\u00edvel.<\/h3>\n<div class=\"wp-block-columns\">\n<div class=\"wp-block-column\">\n<h4>Esta oferta inclui:<\/h4>\n<ul>\n<li>01 noite de alojamento para 02 pessoas em um quarto Aposento<\/li>\n<li>Coquetel de boas-vindas para 02 pessoas<\/li>\n<li>Upgrade de quarto (sujeito a disponibilidade)<\/li>\n<li>Check-in antecipado e check-out tardio (sujeito a disponibilidade)<\/li>\n<li>Caf\u00e9 da manh\u00e3 estilo Buffet para 02 pessoas<\/li>\n<li>Jantar de 03 tempos para 02 pessoas<\/li>\n<li>Liga\u00e7\u00f5es locais cortesia<\/li>\n<li>Garrafas de \u00e1gua no quarto<\/li>\n<li>WIFI de cortesia<\/li>\n<\/ul>\n<h4>Pre\u00e7o:<\/h4>\n<p>USD 800,00 &#8211; incluindo impostos* por 01 noite<\/p>\n<p>*Impostos compostos por 18% IGV e 10% de servi\u00e7os<\/p>\n<p><!-- \/wp:post-content --><\/p>\n<\/div>\n<p><!-- \/wp:column --><\/p>\n<p><!-- wp:column --><\/p>\n<div class=\"wp-block-column\"><!-- wp:tadv\/classic-paragraph -->\n<p>Para m\u00e1s informaci\u00f3n o reservas, cont\u00e1ctenos:<\/p>\n<ul class=\"clop\">\n<li>Tel: <a href=\"https:\/\/wa.me\/51946435248\">+51 965 397 134<\/a><\/li>\n<li>Email: <a href=\"mailto:recepcion@hotelb.pe\">reservas@hotelb.pe<\/a><\/li>\n<\/ul>\n<p>Termos e Condi\u00e7\u00f5es:<\/p>\n<ul>\n<li>Confirma\u00e7\u00e3o sujeita \u00e0 disponibilidade mediante pagamento antecipado do valor total.<\/li>\n<li>V\u00e1lido durante todo o ano de 2026.<\/li>\n<li>Exceto para datas festivas ou feriados.<\/li>\n<li>Check-in: 15:00hrs \/ Check-out: 12:00<\/li>\n<li>Oferta sujeita a altera\u00e7\u00f5es sem aviso pr\u00e9vio.<\/li>\n<li>Tarifa \u00f1ao reembols\u00e1vel<\/li>\n<\/ul>\n<p><!-- \/wp:tadv\/classic-paragraph --><\/p>\n<\/div>\n<p><!-- \/wp:column --><\/p>\n<\/div>\n<p><a class=\"btn-dis\" href=\"https:\/\/wa.me\/message\/WKZL5R35DHDAG1\" target=\"_blank\" rel=\"noopener noreferrer\">RESERVAR ESTA PROMO\u00c7\u00c3O<\/a><br \/><!-- \/wp:tadv\/classic-paragraph --><\/p>","protected":false},"excerpt":{"rendered":"<p>Deixe-se encantar pela arte cl\u00e1ssica e contempor\u00e2nea de Barranco. Hospede-se no Hotel B e aproveite sua estadia com um jantar de tr\u00eas pratos para dois, inesquec\u00edvel. Esta oferta inclui: 01 noite de alojamento para 02 pessoas em um quarto Aposento Coquetel de boas-vindas para 02 pessoas Upgrade de quarto (sujeito a disponibilidade) Check-in antecipado e [&hellip;]<\/p>\n","protected":false},"author":1,"featured_media":0,"parent":6185,"menu_order":5,"comment_status":"closed","ping_status":"closed","template":"single-offers.php","meta":{"_monsterinsights_skip_tracking":false,"_monsterinsights_sitenote_active":false,"_monsterinsights_sitenote_note":"","_monsterinsights_sitenote_category":0,"footnotes":""},"class_list":["post-6208","page","type-page","status-publish","hentry"],"_links":{"self":[{"href":"https:\/\/hotelb.pe\/pt-br\/wp-json\/wp\/v2\/pages\/6208","targetHints":{"allow":["GET"]}}],"collection":[{"href":"https:\/\/hotelb.pe\/pt-br\/wp-json\/wp\/v2\/pages"}],"about":[{"href":"https:\/\/hotelb.pe\/pt-br\/wp-json\/wp\/v2\/types\/page"}],"author":[{"embeddable":true,"href":"https:\/\/hotelb.pe\/pt-br\/wp-json\/wp\/v2\/users\/1"}],"replies":[{"embeddable":true,"href":"https:\/\/hotelb.pe\/pt-br\/wp-json\/wp\/v2\/comments?post=6208"}],"version-history":[{"count":5,"href":"https:\/\/hotelb.pe\/pt-br\/wp-json\/wp\/v2\/pages\/6208\/revisions"}],"predecessor-version":[{"id":6860,"href":"https:\/\/hotelb.pe\/pt-br\/wp-json\/wp\/v2\/pages\/6208\/revisions\/6860"}],"up":[{"embeddable":true,"href":"https:\/\/hotelb.pe\/pt-br\/wp-json\/wp\/v2\/pages\/6185"}],"wp:attachment":[{"href":"https:\/\/hotelb.pe\/pt-br\/wp-json\/wp\/v2\/media?parent=6208"}],"curies":[{"name":"wp","href":"https:\/\/api.w.org\/{rel}","templated":true}]}}