{"id":6206,"date":"2020-12-10T10:31:25","date_gmt":"2020-12-10T15:31:25","guid":{"rendered":"https:\/\/hotelb.pe\/offers\/noche-de-bodas\/"},"modified":"2026-04-01T12:36:43","modified_gmt":"2026-04-01T17:36:43","slug":"noche-de-bodas","status":"publish","type":"page","link":"https:\/\/hotelb.pe\/pt-br\/promocoes\/noche-de-bodas\/","title":{"rendered":"Lua de Mel"},"content":{"rendered":"\n\n<h3>O casamento \u00e9 um momento inesquec\u00edvel, e a noite n\u00e3o deve ser uma exce\u00e7\u00e3o. Por isso, oferecemos uma experi\u00eancia rom\u00e2ntica completa para a sua noite de n\u00fapcias.<\/h3>\n<div class=\"wp-block-columns\">\n<div class=\"wp-block-column\">\n<h4>O pacote inclui:<\/h4>\n<ul>\n<li>Coquetel de bem-vindo<\/li>\n<li>Check-in antecipado conforme disponibilidade<\/li>\n<li>Caf\u00e9 da manh\u00e3 tipo buffet<\/li>\n<li>Garrafa de Espumante de 750ml<\/li>\n<li>Check-out tardio conforme disponibilidade<\/li>\n<li>Liga\u00e7\u00f5es locais cortesia<\/li>\n<li>Garrafas de \u00e1gua no quarto<\/li>\n<li>WiFi cortesia<\/li>\n<li>Sess\u00e3o de fotos inclusa<\/li>\n<\/ul>\n<h4>Pre\u00e7os:<\/h4>\n<ul>\n<li>Atelier \u2013 USD 901.00<\/li>\n<li>Aposento \u2013 USD 765.00<\/li>\n<li>Alcoba \u2013 USD 563.00<\/li>\n<\/ul>\n<p><!-- \/wp:post-content --><\/p>\n<\/div>\n<p><!-- \/wp:column --><\/p>\n<p><!-- wp:column --><\/p>\n<div class=\"wp-block-column\"><!-- wp:tadv\/classic-paragraph -->\n<p>Para mais informa\u00e7\u00f5es ou reservas, entre em contato conosco:<\/p>\n<ul class=\"clop\">\n<li>Tel: <a href=\"https:\/\/wa.me\/51965397134\">+51 965 397 134<\/a><\/li>\n<li>Email: <a href=\"mailto:recepcion@hotelb.pe\">reservas@hotelb.pe<\/a><\/li>\n<\/ul>\n<p class=\"colter\">Termos e Condi\u00e7\u00f5es:<\/p>\n<ul class=\"colter\">\n<li>CHECK-IN: 15h \/ CHECK-OUT: 12h<\/li>\n<li>Tarifas por noite e por quarto na moeda em d\u00f3lares americanos.<\/li>\n<li>Tarifas incluem 10% de servi\u00e7o e 18% de IGV (apenas para peruanos e residentes)<\/li>\n<li>Oferta sujeita a altera\u00e7\u00f5es sem aviso pr\u00e9vio, de acordo com a disponibilidade.<\/li>\n<\/ul>\n<p><!-- \/wp:tadv\/classic-paragraph --><\/p>\n<\/div>\n<p><!-- \/wp:column --><\/p>\n<\/div>\n<p><!-- \/wp:columns --><br \/><!-- wp:tadv\/classic-paragraph --><br \/><a class=\"btn-dis\" href=\"https:\/\/wa.me\/51965397134\" target=\"_blank\" rel=\"noopener noreferrer\">RESERVAR ESTA PROMO\u00c7\u00c3O<\/a><br \/><!-- \/wp:tadv\/classic-paragraph --><\/p>","protected":false},"excerpt":{"rendered":"<p>O casamento \u00e9 um momento inesquec\u00edvel, e a noite n\u00e3o deve ser uma exce\u00e7\u00e3o. Por isso, oferecemos uma experi\u00eancia rom\u00e2ntica completa para a sua noite de n\u00fapcias. O pacote inclui: Coquetel de bem-vindo Check-in antecipado conforme disponibilidade Caf\u00e9 da manh\u00e3 tipo buffet Garrafa de Espumante de 750ml Check-out tardio conforme disponibilidade Liga\u00e7\u00f5es locais cortesia Garrafas [&hellip;]<\/p>\n","protected":false},"author":1,"featured_media":0,"parent":6185,"menu_order":5,"comment_status":"closed","ping_status":"closed","template":"single-offers.php","meta":{"_monsterinsights_skip_tracking":false,"_monsterinsights_sitenote_active":false,"_monsterinsights_sitenote_note":"","_monsterinsights_sitenote_category":0,"footnotes":""},"class_list":["post-6206","page","type-page","status-publish","hentry"],"_links":{"self":[{"href":"https:\/\/hotelb.pe\/pt-br\/wp-json\/wp\/v2\/pages\/6206","targetHints":{"allow":["GET"]}}],"collection":[{"href":"https:\/\/hotelb.pe\/pt-br\/wp-json\/wp\/v2\/pages"}],"about":[{"href":"https:\/\/hotelb.pe\/pt-br\/wp-json\/wp\/v2\/types\/page"}],"author":[{"embeddable":true,"href":"https:\/\/hotelb.pe\/pt-br\/wp-json\/wp\/v2\/users\/1"}],"replies":[{"embeddable":true,"href":"https:\/\/hotelb.pe\/pt-br\/wp-json\/wp\/v2\/comments?post=6206"}],"version-history":[{"count":5,"href":"https:\/\/hotelb.pe\/pt-br\/wp-json\/wp\/v2\/pages\/6206\/revisions"}],"predecessor-version":[{"id":6863,"href":"https:\/\/hotelb.pe\/pt-br\/wp-json\/wp\/v2\/pages\/6206\/revisions\/6863"}],"up":[{"embeddable":true,"href":"https:\/\/hotelb.pe\/pt-br\/wp-json\/wp\/v2\/pages\/6185"}],"wp:attachment":[{"href":"https:\/\/hotelb.pe\/pt-br\/wp-json\/wp\/v2\/media?parent=6206"}],"curies":[{"name":"wp","href":"https:\/\/api.w.org\/{rel}","templated":true}]}}