{"id":6195,"date":"2020-12-07T13:02:17","date_gmt":"2020-12-07T18:02:17","guid":{"rendered":"https:\/\/hotelb.pe\/offers\/lunes-de-descuentos\/"},"modified":"2024-05-22T17:29:00","modified_gmt":"2024-05-22T22:29:00","slug":"lunes-de-descuentos","status":"publish","type":"page","link":"https:\/\/hotelb.pe\/pt-br\/promocoes\/lunes-de-descuentos\/","title":{"rendered":"HAPPY HOUR"},"content":{"rendered":"\n<h3>Descontos exclusivos, todas as segundas-feiras!<\/h3>\n\n\n\n<div class=\"wp-block-columns is-layout-flex wp-container-core-columns-is-layout-9d6595d7 wp-block-columns-is-layout-flex\">\n<div class=\"wp-block-column is-layout-flow wp-block-column-is-layout-flow\">\n<p><strong>2 COQUET\u00c9IS PELO PRE\u00c7O DE 1<\/strong><\/p>\n<ul>\n<li>Todas as segundas-feiras do ano, aproveite 2 coquet\u00e9is de nossa carta pelo pre\u00e7o de 1.<\/li>\n<\/ul>\n<\/div>\n\n\n\n<div class=\"wp-block-column is-layout-flow wp-block-column-is-layout-flow\">\n<p>Para mais informa\u00e7\u00f5es ou reservas, entre em contato conosco:<\/p>\n<ul class=\"clop\">\n<li>Tel: <a href=\"https:\/\/wa.me\/51946435248\">+51 946 435 248<\/a><\/li>\n<li>Email: <a href=\"mailto:recepcion@hotelb.pe\">recepcion@hotelb.pe<\/a><\/li>\n<\/ul>\n<p class=\"colter\">Termos e Condi\u00e7\u00f5es:<\/p>\n<ul class=\"colter\">\n<li>V\u00e1lido apenas para consumo no local.<\/li>\n<li>Ao chegar \u00e0 mesa, informe o gar\u00e7om sobre a oferta reservada; caso contr\u00e1rio, n\u00e3o haver\u00e1 reembolso.<\/li>\n<li>Oferta n\u00e3o v\u00e1lida em feriados.<\/li>\n<li>Capacidade do restaurante limitada.<\/li>\n<li>Reservas pr\u00e9vias e confirma\u00e7\u00e3o obrigat\u00f3ria.<\/li>\n<li>Descontos n\u00e3o acumul\u00e1veis com outras ofertas.<\/li>\n<li>Ofertas sujeitas a disponibilidade e altera\u00e7\u00f5es sem aviso pr\u00e9vio<\/li>\n<\/ul>\n<\/div>\n<\/div>\n\n\n\n<p><a class=\"btn-dis\" href=\"https:\/\/wa.me\/message\/YYIK7D42OSYKI1\" target=\"_blank\" rel=\"noopener noreferrer\">RESERVAR ESTA PROMO\u00c7\u00c3O<\/a><\/p>\n","protected":false},"excerpt":{"rendered":"<p>Si\u00e9ntete cautivado por el arte cl\u00e1sico y contempor\u00e1neo de barranco. Al\u00f3jate en el hotel B y complementa tu estad\u00eda con una cena de tres tiempos para dos inolvidable.<\/p>\n","protected":false},"author":1,"featured_media":0,"parent":6185,"menu_order":0,"comment_status":"closed","ping_status":"closed","template":"single-offers.php","meta":{"_monsterinsights_skip_tracking":false,"_monsterinsights_sitenote_active":false,"_monsterinsights_sitenote_note":"","_monsterinsights_sitenote_category":0,"footnotes":""},"class_list":["post-6195","page","type-page","status-publish","hentry"],"_links":{"self":[{"href":"https:\/\/hotelb.pe\/pt-br\/wp-json\/wp\/v2\/pages\/6195","targetHints":{"allow":["GET"]}}],"collection":[{"href":"https:\/\/hotelb.pe\/pt-br\/wp-json\/wp\/v2\/pages"}],"about":[{"href":"https:\/\/hotelb.pe\/pt-br\/wp-json\/wp\/v2\/types\/page"}],"author":[{"embeddable":true,"href":"https:\/\/hotelb.pe\/pt-br\/wp-json\/wp\/v2\/users\/1"}],"replies":[{"embeddable":true,"href":"https:\/\/hotelb.pe\/pt-br\/wp-json\/wp\/v2\/comments?post=6195"}],"version-history":[{"count":5,"href":"https:\/\/hotelb.pe\/pt-br\/wp-json\/wp\/v2\/pages\/6195\/revisions"}],"predecessor-version":[{"id":6565,"href":"https:\/\/hotelb.pe\/pt-br\/wp-json\/wp\/v2\/pages\/6195\/revisions\/6565"}],"up":[{"embeddable":true,"href":"https:\/\/hotelb.pe\/pt-br\/wp-json\/wp\/v2\/pages\/6185"}],"wp:attachment":[{"href":"https:\/\/hotelb.pe\/pt-br\/wp-json\/wp\/v2\/media?parent=6195"}],"curies":[{"name":"wp","href":"https:\/\/api.w.org\/{rel}","templated":true}]}}